{"id":5710,"date":"2024-12-12T01:00:43","date_gmt":"2024-12-12T00:00:43","guid":{"rendered":"https:\/\/terrassesduparc-dunkerque.fr\/?page_id=5710"},"modified":"2026-02-12T10:17:57","modified_gmt":"2026-02-12T09:17:57","slug":"mentions-legales","status":"publish","type":"page","link":"https:\/\/domainedeslys-chereng.fr\/index.php\/mentions-legales\/","title":{"rendered":"Mentions l\u00e9gales"},"content":{"rendered":"\t\t<div data-elementor-type=\"wp-page\" data-elementor-id=\"5710\" class=\"elementor elementor-5710\">\n\t\t\t\t<div class=\"elementor-element elementor-element-441b33e e-flex e-con-boxed e-con e-parent\" data-id=\"441b33e\" data-element_type=\"container\" data-core-v316-plus=\"true\">\n\t\t\t\t\t<div class=\"e-con-inner\">\n\t\t\t\t<div class=\"elementor-element elementor-element-196aee9 elementor-invisible elementor-widget elementor-widget-image\" data-id=\"196aee9\" data-element_type=\"widget\" data-settings=\"{&quot;_animation&quot;:&quot;fadeInUp&quot;}\" data-widget_type=\"image.default\">\n\t\t\t\t<div class=\"elementor-widget-container\">\n\t\t\t<style>\/*! elementor - v3.20.0 - 10-04-2024 *\/\n.elementor-widget-image{text-align:center}.elementor-widget-image a{display:inline-block}.elementor-widget-image a img[src$=\".svg\"]{width:48px}.elementor-widget-image img{vertical-align:middle;display:inline-block}<\/style>\t\t\t\t\t\t\t\t\t\t<img fetchpriority=\"high\" decoding=\"async\" width=\"2023\" height=\"1157\" src=\"https:\/\/domainedeslys-chereng.fr\/wp-content\/uploads\/2026\/01\/Logo2.png\" class=\"attachment-full size-full wp-image-8435\" alt=\"\" srcset=\"https:\/\/domainedeslys-chereng.fr\/wp-content\/uploads\/2026\/01\/Logo2.png 2023w, https:\/\/domainedeslys-chereng.fr\/wp-content\/uploads\/2026\/01\/Logo2-300x172.png 300w, https:\/\/domainedeslys-chereng.fr\/wp-content\/uploads\/2026\/01\/Logo2-1024x586.png 1024w, https:\/\/domainedeslys-chereng.fr\/wp-content\/uploads\/2026\/01\/Logo2-768x439.png 768w, https:\/\/domainedeslys-chereng.fr\/wp-content\/uploads\/2026\/01\/Logo2-1536x878.png 1536w\" sizes=\"(max-width: 2023px) 100vw, 2023px\" \/>\t\t\t\t\t\t\t\t\t\t\t\t\t<\/div>\n\t\t\t\t<\/div>\n\t\t\t\t<div class=\"elementor-element elementor-element-d7b7bcc animated-slow elementor-invisible elementor-widget elementor-widget-text-editor\" data-id=\"d7b7bcc\" data-element_type=\"widget\" data-settings=\"{&quot;_animation&quot;:&quot;fadeInUp&quot;}\" data-widget_type=\"text-editor.default\">\n\t\t\t\t<div class=\"elementor-widget-container\">\n\t\t\t<style>\/*! elementor - v3.20.0 - 10-04-2024 *\/\n.elementor-widget-text-editor.elementor-drop-cap-view-stacked .elementor-drop-cap{background-color:#69727d;color:#fff}.elementor-widget-text-editor.elementor-drop-cap-view-framed .elementor-drop-cap{color:#69727d;border:3px solid;background-color:transparent}.elementor-widget-text-editor:not(.elementor-drop-cap-view-default) .elementor-drop-cap{margin-top:8px}.elementor-widget-text-editor:not(.elementor-drop-cap-view-default) .elementor-drop-cap-letter{width:1em;height:1em}.elementor-widget-text-editor .elementor-drop-cap{float:left;text-align:center;line-height:1;font-size:50px}.elementor-widget-text-editor .elementor-drop-cap-letter{display:inline-block}<\/style>\t\t\t\t<pre>Propri\u00e9taire du site<\/pre><p class=\"mentions\"><strong>Immokrea<\/strong><br \/>Manu COURCELLE<br \/>Siret : 830 180 295 00016<br \/><a href=\"mailto:contact@immokrea.fr\">contact@immokrea.fr<\/a><br \/>06 36 94 03 01<br \/><a href=\"https:\/\/immokrea.fr\/\">www.immokrea.fr<\/a><\/p>\t\t\t\t\t\t<\/div>\n\t\t\t\t<\/div>\n\t\t\t\t<div class=\"elementor-element elementor-element-bf48914 animated-slow elementor-invisible elementor-widget elementor-widget-text-editor\" data-id=\"bf48914\" data-element_type=\"widget\" data-settings=\"{&quot;_animation&quot;:&quot;fadeInUp&quot;}\" data-widget_type=\"text-editor.default\">\n\t\t\t\t<div class=\"elementor-widget-container\">\n\t\t\t\t\t\t\t<pre>Responsable de la publication<\/pre><p class=\"mentions\"><strong>Fabien RICHARD<\/strong><\/p><p><a href=\"mailto:contact@spriing.fr\">contact@spriing.fr<\/a><\/p><p>03 66 19 32 78<\/p>\t\t\t\t\t\t<\/div>\n\t\t\t\t<\/div>\n\t\t\t\t<div class=\"elementor-element elementor-element-0a688a2 animated-slow elementor-invisible elementor-widget elementor-widget-text-editor\" data-id=\"0a688a2\" data-element_type=\"widget\" data-settings=\"{&quot;_animation&quot;:&quot;fadeInUp&quot;}\" data-widget_type=\"text-editor.default\">\n\t\t\t\t<div class=\"elementor-widget-container\">\n\t\t\t\t\t\t\t<pre>H\u00e9bergement<\/pre><p class=\"mentions\"><strong>Soci\u00e9t\u00e9 OVH<\/strong><br \/>2 rue Kellermann, 59100 Roubaix<br \/>08 20 69 87 65<br \/><a href=\"https:\/\/www.ovh.com\/fr\/\">www.ovh.com<\/a><\/p>\t\t\t\t\t\t<\/div>\n\t\t\t\t<\/div>\n\t\t\t\t<div class=\"elementor-element elementor-element-045396a elementor-drop-cap-yes elementor-drop-cap-view-stacked animated-slow elementor-invisible elementor-widget elementor-widget-text-editor\" data-id=\"045396a\" data-element_type=\"widget\" data-settings=\"{&quot;drop_cap&quot;:&quot;yes&quot;,&quot;_animation&quot;:&quot;fadeInUp&quot;}\" data-widget_type=\"text-editor.default\">\n\t\t\t\t<div class=\"elementor-widget-container\">\n\t\t\t\t\t\t\t<pre>Propri\u00e9t\u00e9 intellectuelle<\/pre><p class=\"mentions\">L\u2019ensemble de ce site rel\u00e8ve de la l\u00e9gislation fran\u00e7aise et internationale sur le droit d\u2019auteur et la propri\u00e9t\u00e9 intellectuelle. Toute reproduction, repr\u00e9sentation, modification, publication, adaptation de tout ou partie des \u00e9l\u00e9ments du site internet <strong><a href=\"https:\/\/domainedeslys-chereng.fr\">domainedeslys-chereng.fr<\/a><\/strong>, quel que soit le moyen ou le proc\u00e9d\u00e9 utilis\u00e9, est interdite, sauf autorisation pr\u00e9alable et \u00e9crite de Manu Courcelle. Toute exploitation non autoris\u00e9e du site ou de l\u2019un des \u00e9l\u00e9ments qu\u2019il contient sera consid\u00e9r\u00e9e comme constitutive d\u2019une contrefa\u00e7on et poursuivie conform\u00e9ment aux dispositions des articles L.335-2 du Code de la Propri\u00e9t\u00e9 Intellectuelle.<\/p><p>\u00a0<\/p><p><strong>Photos<\/strong><\/p><p>Plusieurs photos utilis\u00e9es sur ce site <strong><a href=\"https:\/\/domainedeslys-chereng.fr\">domainedeslys-chereng.fr<\/a><\/strong> sont issues des soci\u00e9t\u00e9s <strong><a href=\"https:\/\/arlynk.com\">Arlynk<\/a><\/strong> et <strong><a href=\"https:\/\/www.spriing.fr\">SPRIING.<\/a><\/strong><\/p>\t\t\t\t\t\t<\/div>\n\t\t\t\t<\/div>\n\t\t\t\t<div class=\"elementor-element elementor-element-18b19f7 elementor-drop-cap-yes elementor-drop-cap-view-stacked animated-slow elementor-invisible elementor-widget elementor-widget-text-editor\" data-id=\"18b19f7\" data-element_type=\"widget\" data-settings=\"{&quot;drop_cap&quot;:&quot;yes&quot;,&quot;_animation&quot;:&quot;fadeInUp&quot;}\" data-widget_type=\"text-editor.default\">\n\t\t\t\t<div class=\"elementor-widget-container\">\n\t\t\t\t\t\t\t<pre>Liens hypertextes<\/pre><p class=\"mentions\">Le site <strong><a href=\"https:\/\/domainedeslys-chereng.fr\">domainedeslys-chereng.fr<\/a><\/strong>\u00a0contient un certain nombre de liens hypertextes vers d\u2019autres sites (partenaires, informations \u2026) mis en place avec l\u2019autorisation des propri\u00e9taires des sites . Cependant, le proprietaire du site n\u2019a pas la possibilit\u00e9 de v\u00e9rifier le contenu des sites ainsi visit\u00e9s et d\u00e9cline donc toute responsabilit\u00e9 de ce fait quand aux risques \u00e9ventuels de contenus illicites.<\/p>\t\t\t\t\t\t<\/div>\n\t\t\t\t<\/div>\n\t\t\t\t<div class=\"elementor-element elementor-element-55cde3b elementor-drop-cap-yes elementor-drop-cap-view-stacked animated-slow elementor-invisible elementor-widget elementor-widget-text-editor\" data-id=\"55cde3b\" data-element_type=\"widget\" data-settings=\"{&quot;drop_cap&quot;:&quot;yes&quot;,&quot;_animation&quot;:&quot;fadeInUp&quot;}\" data-widget_type=\"text-editor.default\">\n\t\t\t\t<div class=\"elementor-widget-container\">\n\t\t\t\t\t\t\t<pre>Cookies<\/pre><p class=\"mentions\">L\u2019utilisateur est inform\u00e9 que lors de ses visites sur le site <strong><a href=\"https:\/\/domainedeslys-chereng.fr\">domainedeslys-chereng.fr<\/a><\/strong>, un ou des cookies sont susceptible de s\u2019installer automatiquement sur son ordinateur. Un cookie est un fichier de petite taille, qui ne permet pas l\u2019identification de l\u2019utilisateur, mais qui enregistre des informations relatives \u00e0 la navigation d\u2019un ordinateur sur un site. Les donn\u00e9es ainsi obtenues visent \u00e0 faciliter la navigation ult\u00e9rieure sur le site, et ont \u00e9galement vocation \u00e0 permettre diverses mesures de fr\u00e9quentation.<\/p><p>\u00a0<\/p><p><strong>Pour tout renseignement, contactez SPRIING<\/strong><br \/>au 03 66 19 32 78 ou \u00e0 <a href=\"mailto:contact@spriing.fr\">contact@spriing.fr<\/a><\/p>\t\t\t\t\t\t<\/div>\n\t\t\t\t<\/div>\n\t\t\t\t\t<\/div>\n\t\t\t\t<\/div>\n\t\t<div class=\"elementor-element elementor-element-be12081 e-con-full e-flex e-con e-parent\" data-id=\"be12081\" data-element_type=\"container\" data-settings=\"{&quot;background_background&quot;:&quot;classic&quot;}\" data-core-v316-plus=\"true\">\n\t\t\t\t<div class=\"elementor-element elementor-element-3609004 elementor-widget elementor-widget-alipes-call-to-action\" data-id=\"3609004\" data-element_type=\"widget\" data-widget_type=\"alipes-call-to-action.default\">\n\t\t\t\t<div class=\"elementor-widget-container\">\n\t\t\t    <!--CTA Three End-->\r\n    <section class=\"cta-three\">\r\n        <div class=\"cta-three__shape-1 float-bob-x\">\r\n            <img decoding=\"async\" src=\"https:\/\/domainedeslys-chereng.fr\/wp-content\/uploads\/2023\/03\/new-concept-two-shape-1.png\" alt=\"new-concept-two-shape-1\" title=\"new-concept-two-shape-1\" >        <\/div>\r\n        <div class=\"container\">\r\n            <div class=\"row\">\r\n                <div class=\"col-xl-6 col-lg-8\">\r\n                    <div class=\"cta-three__left\">\r\n                        <p class=\"cta-three__sub-title\">Commune de CH\u00c9RENG<\/p><h3 class=\"cta-three__title\">Le domaine des lys<\/h3>                    <\/div>\r\n                <\/div>\r\n                <div class=\"col-xl-6 col-lg-4\">\r\n                    <div class=\"cta-three__btn-box\">\r\n                        <a class=\"thm-btn cta-three__btn\" href=\"https:\/\/domainedeslys-chereng.fr\"  >Revenir \u00e0 l'accueil<\/a>                    <\/div>\r\n                <\/div>\r\n            <\/div>\r\n        <\/div>\r\n    <\/section>\r\n    <!--CTA Three End-->\r\n\t\t<\/div>\n\t\t\t\t<\/div>\n\t\t\t\t<\/div>\n\t\t\t\t<\/div>\n\t\t","protected":false},"excerpt":{"rendered":"<p>Propri\u00e9taire du site ImmokreaManu COURCELLESiret : 830 180 295 00016contact@immokrea.fr06 36 94 03 01www.immokrea.fr Responsable de la publication Fabien RICHARD contact@spriing.fr 03 66 19 32 78 H\u00e9bergement Soci\u00e9t\u00e9 OVH2 rue Kellermann, 59100 Roubaix08 20 69 87 65www.ovh.com Propri\u00e9t\u00e9 intellectuelle L\u2019ensemble de ce site rel\u00e8ve de la l\u00e9gislation fran\u00e7aise et internationale sur le droit d\u2019auteur et [&hellip;]<\/p>\n","protected":false},"author":1,"featured_media":0,"parent":0,"menu_order":0,"comment_status":"closed","ping_status":"closed","template":"elementor_header_footer","meta":{"footnotes":""},"class_list":["post-5710","page","type-page","status-publish","hentry"],"_links":{"self":[{"href":"https:\/\/domainedeslys-chereng.fr\/index.php\/wp-json\/wp\/v2\/pages\/5710","targetHints":{"allow":["GET"]}}],"collection":[{"href":"https:\/\/domainedeslys-chereng.fr\/index.php\/wp-json\/wp\/v2\/pages"}],"about":[{"href":"https:\/\/domainedeslys-chereng.fr\/index.php\/wp-json\/wp\/v2\/types\/page"}],"author":[{"embeddable":true,"href":"https:\/\/domainedeslys-chereng.fr\/index.php\/wp-json\/wp\/v2\/users\/1"}],"replies":[{"embeddable":true,"href":"https:\/\/domainedeslys-chereng.fr\/index.php\/wp-json\/wp\/v2\/comments?post=5710"}],"version-history":[{"count":48,"href":"https:\/\/domainedeslys-chereng.fr\/index.php\/wp-json\/wp\/v2\/pages\/5710\/revisions"}],"predecessor-version":[{"id":9448,"href":"https:\/\/domainedeslys-chereng.fr\/index.php\/wp-json\/wp\/v2\/pages\/5710\/revisions\/9448"}],"wp:attachment":[{"href":"https:\/\/domainedeslys-chereng.fr\/index.php\/wp-json\/wp\/v2\/media?parent=5710"}],"curies":[{"name":"wp","href":"https:\/\/api.w.org\/{rel}","templated":true}]}}